{"id":272,"date":"2021-04-11T16:33:29","date_gmt":"2021-04-11T16:33:29","guid":{"rendered":"https:\/\/stthomassurgery.gpwales.com\/?page_id=272"},"modified":"2025-09-18T12:41:43","modified_gmt":"2025-09-18T12:41:43","slug":"faqs","status":"publish","type":"page","link":"https:\/\/stthomassurgery.gpwales.com\/cy\/faqs\/","title":{"rendered":"Cwestiynau Cyffredin"},"content":{"rendered":"<div data-elementor-type=\"wp-page\" data-elementor-id=\"272\" class=\"elementor elementor-272\" data-elementor-settings=\"[]\">\n\t\t\t\t\t\t\t<div class=\"elementor-section-wrap\">\n\t\t\t\t\t\t\t<section class=\"elementor-section elementor-top-section elementor-element elementor-element-2e069c56 elementor-section-height-min-height elementor-section-boxed elementor-section-height-default elementor-section-items-middle\" data-id=\"2e069c56\" data-element_type=\"section\" data-settings=\"{&quot;background_background&quot;:&quot;gradient&quot;,&quot;shape_divider_bottom&quot;:&quot;waves&quot;}\">\n\t\t\t\t\t\t\t<div class=\"elementor-background-overlay\"><\/div>\n\t\t\t\t\t\t<div class=\"elementor-shape elementor-shape-bottom\" data-negative=\"false\">\n\t\t\t<svg xmlns=\"http:\/\/www.w3.org\/2000\/svg\" viewbox=\"0 0 1000 100\" preserveaspectratio=\"none\">\n\t<path class=\"elementor-shape-fill\" d=\"M421.9,6.5c22.6-2.5,51.5,0.4,75.5,5.3c23.6,4.9,70.9,23.5,100.5,35.7c75.8,32.2,133.7,44.5,192.6,49.7\tc23.6,2.1,48.7,3.5,103.4-2.5c54.7-6,106.2-25.6,106.2-25.6V0H0v30.3c0,0,72,32.6,158.4,30.5c39.2-0.7,92.8-6.7,134-22.4\tc21.2-8.1,52.2-18.2,79.7-24.2C399.3,7.9,411.6,7.5,421.9,6.5z\"\/>\n<\/svg>\t\t<\/div>\n\t\t\t\t\t<div class=\"elementor-container elementor-column-gap-default\">\n\t\t\t\t\t<div class=\"elementor-column elementor-col-100 elementor-top-column elementor-element elementor-element-fe0c333\" data-id=\"fe0c333\" data-element_type=\"column\">\n\t\t\t<div class=\"elementor-widget-wrap elementor-element-populated\">\n\t\t\t\t\t\t\t\t<div class=\"elementor-element elementor-element-2e068ff9 elementor-widget elementor-widget-heading\" data-id=\"2e068ff9\" data-element_type=\"widget\" data-widget_type=\"heading.default\">\n\t\t\t\t<div class=\"elementor-widget-container\">\n\t\t\t<h1 class=\"elementor-heading-title elementor-size-default\">Cwestiynau Cyffredin<\/h1>\t\t<\/div>\n\t\t\t\t<\/div>\n\t\t\t\t\t<\/div>\n\t\t<\/div>\n\t\t\t\t\t\t\t<\/div>\n\t\t<\/section>\n\t\t\t\t<section class=\"elementor-section elementor-inner-section elementor-element elementor-element-27fd8f2e elementor-section-boxed elementor-section-height-default elementor-section-height-default\" data-id=\"27fd8f2e\" data-element_type=\"section\">\n\t\t\t\t\t\t<div class=\"elementor-container elementor-column-gap-default\">\n\t\t\t\t\t<div class=\"elementor-column elementor-col-50 elementor-inner-column elementor-element elementor-element-6c1400f8\" data-id=\"6c1400f8\" data-element_type=\"column\">\n\t\t\t<div class=\"elementor-widget-wrap elementor-element-populated\">\n\t\t\t\t\t\t\t\t<div class=\"elementor-element elementor-element-a54a9f1 elementor-widget elementor-widget-toggle\" data-id=\"a54a9f1\" data-element_type=\"widget\" data-widget_type=\"toggle.default\">\n\t\t\t\t<div class=\"elementor-widget-container\">\n\t\t\t\t\t<div class=\"elementor-toggle\" role=\"tablist\">\n\t\t\t\t\t\t\t<div class=\"elementor-toggle-item\">\n\t\t\t\t\t<div id=\"elementor-tab-title-1731\" class=\"elementor-tab-title\" data-tab=\"1\" role=\"tab\" aria-controls=\"elementor-tab-content-1731\" aria-expanded=\"false\">\n\t\t\t\t\t\t\t\t\t\t\t\t<span class=\"elementor-toggle-icon elementor-toggle-icon-right\" aria-hidden=\"true\">\n\t\t\t\t\t\t\t\t\t\t\t\t\t\t\t<span class=\"elementor-toggle-icon-closed\"><i class=\"fas fa-arrow-down\"><\/i><\/span>\n\t\t\t\t\t\t\t\t<span class=\"elementor-toggle-icon-opened\"><i class=\"elementor-toggle-icon-opened fas fa-arrow-up\"><\/i><\/span>\n\t\t\t\t\t\t\t\t\t\t\t\t\t<\/span>\n\t\t\t\t\t\t\t\t\t\t\t\t<a href=\"\" class=\"elementor-toggle-title\">A allaf wneud cais am ymweliad cartref?<\/a>\n\t\t\t\t\t<\/div>\n\t\t\t\t\t<div id=\"elementor-tab-content-1731\" class=\"elementor-tab-content elementor-clearfix\" data-tab=\"1\" role=\"tabpanel\" aria-labelledby=\"elementor-tab-title-1731\"><p>Os oes arnoch angen ymweliad cartref, ffoniwch\u00a0<a href=\"tel:01437762162\">01437 762162<\/a>\u00a0cyn\u00a0<strong>10.30 a.m.<\/strong>\u00a0(ac eithrio yn achos argyfwng).<\/p><p>Cynigir ymweliadau cartref ar sail angen clinigol, ac efallai y bydd meddyg yn eich ffonio cyn yr ymweliad. Mae un ymweliad cartref yn cymryd yr un faint o amser ag o leiaf bum apwyntiad yn y feddygfa, felly gofynnwn i gleifion geisio dod i'r feddygfa os yw hynny'n bosibl.<\/p><\/div>\n\t\t\t\t<\/div>\n\t\t\t\t\t\t\t<div class=\"elementor-toggle-item\">\n\t\t\t\t\t<div id=\"elementor-tab-title-1732\" class=\"elementor-tab-title\" data-tab=\"2\" role=\"tab\" aria-controls=\"elementor-tab-content-1732\" aria-expanded=\"false\">\n\t\t\t\t\t\t\t\t\t\t\t\t<span class=\"elementor-toggle-icon elementor-toggle-icon-right\" aria-hidden=\"true\">\n\t\t\t\t\t\t\t\t\t\t\t\t\t\t\t<span class=\"elementor-toggle-icon-closed\"><i class=\"fas fa-arrow-down\"><\/i><\/span>\n\t\t\t\t\t\t\t\t<span class=\"elementor-toggle-icon-opened\"><i class=\"elementor-toggle-icon-opened fas fa-arrow-up\"><\/i><\/span>\n\t\t\t\t\t\t\t\t\t\t\t\t\t<\/span>\n\t\t\t\t\t\t\t\t\t\t\t\t<a href=\"\" class=\"elementor-toggle-title\">\u00c2 phwy y dylwn gysylltu ynghylch fy apwyntiad cleifion allanol?<\/a>\n\t\t\t\t\t<\/div>\n\t\t\t\t\t<div id=\"elementor-tab-content-1732\" class=\"elementor-tab-content elementor-clearfix\" data-tab=\"2\" role=\"tabpanel\" aria-labelledby=\"elementor-tab-title-1732\"><p>Mae rhifau ff\u00f4n a allai eich helpu i gael rhagor o wybodaeth am eich apwyntiad cleifion allanol i'w gweld isod:<\/p><p>Ysbyty Llwynhelyg <a href=\"tel:01437645545\"><strong>01437 645545<\/strong><\/a><\/p><p>Ysbyty Bwthyn Dinbych-y-pysgod\u00a0 <a href=\"tel:01834845400\"><strong>01834 845400<\/strong><\/a><\/p><p>Ysbyty De Sir Benfro <a href=\"tel:01646682114\"><strong>01646 682114<\/strong><\/a><\/p><p>\u00a0<\/p><\/div>\n\t\t\t\t<\/div>\n\t\t\t\t\t\t\t<div class=\"elementor-toggle-item\">\n\t\t\t\t\t<div id=\"elementor-tab-title-1733\" class=\"elementor-tab-title\" data-tab=\"3\" role=\"tab\" aria-controls=\"elementor-tab-content-1733\" aria-expanded=\"false\">\n\t\t\t\t\t\t\t\t\t\t\t\t<span class=\"elementor-toggle-icon elementor-toggle-icon-right\" aria-hidden=\"true\">\n\t\t\t\t\t\t\t\t\t\t\t\t\t\t\t<span class=\"elementor-toggle-icon-closed\"><i class=\"fas fa-arrow-down\"><\/i><\/span>\n\t\t\t\t\t\t\t\t<span class=\"elementor-toggle-icon-opened\"><i class=\"elementor-toggle-icon-opened fas fa-arrow-up\"><\/i><\/span>\n\t\t\t\t\t\t\t\t\t\t\t\t\t<\/span>\n\t\t\t\t\t\t\t\t\t\t\t\t<a href=\"\" class=\"elementor-toggle-title\">What happens next regarding my recent test results?<\/a>\n\t\t\t\t\t<\/div>\n\t\t\t\t\t<div id=\"elementor-tab-content-1733\" class=\"elementor-tab-content elementor-clearfix\" data-tab=\"3\" role=\"tabpanel\" aria-labelledby=\"elementor-tab-title-1733\"><p style=\"font-weight: 400;\">Your results will be reviewed by a clinician once received and where the clinician deems it urgent that they discuss the results with you they will contact you as soon as possible.\u00a0 Often you will be contacted and asked to make a routine appointment to discuss non urgent matters.\u00a0 In such cases our admin team will either call you to arrange an appointment or you will be sent a letter inviting you to call the surgery to make an appointment.\u00a0 If you are concerned that your results have been missed please contact reception after 10am and they will be happy to try to assist you.\u00a0 Please note that where tests have been requested by a hospital consultant these results will be reported back to the requesting clinician as such you are advised to contact the clinician you are under for these results.<\/p><p style=\"font-weight: 400;\">\u00a0<\/p><\/div>\n\t\t\t\t<\/div>\n\t\t\t\t\t\t\t<div class=\"elementor-toggle-item\">\n\t\t\t\t\t<div id=\"elementor-tab-title-1734\" class=\"elementor-tab-title\" data-tab=\"4\" role=\"tab\" aria-controls=\"elementor-tab-content-1734\" aria-expanded=\"false\">\n\t\t\t\t\t\t\t\t\t\t\t\t<span class=\"elementor-toggle-icon elementor-toggle-icon-right\" aria-hidden=\"true\">\n\t\t\t\t\t\t\t\t\t\t\t\t\t\t\t<span class=\"elementor-toggle-icon-closed\"><i class=\"fas fa-arrow-down\"><\/i><\/span>\n\t\t\t\t\t\t\t\t<span class=\"elementor-toggle-icon-opened\"><i class=\"elementor-toggle-icon-opened fas fa-arrow-up\"><\/i><\/span>\n\t\t\t\t\t\t\t\t\t\t\t\t\t<\/span>\n\t\t\t\t\t\t\t\t\t\t\t\t<a href=\"\" class=\"elementor-toggle-title\">A allaf siarad \u00e2 Meddyg?<\/a>\n\t\t\t\t\t<\/div>\n\t\t\t\t\t<div id=\"elementor-tab-content-1734\" class=\"elementor-tab-content elementor-clearfix\" data-tab=\"4\" role=\"tabpanel\" aria-labelledby=\"elementor-tab-title-1734\"><p>O bryd i'w gilydd, efallai y byddwch am gael cyngor ar broblem iechyd neu feddyginiaeth.<\/p><p>Gallwch adael neges ar gyfer y meddygon gyda'r derbynnydd. Ni fydd y meddyg yn gallu siarad \u00e2 chi yn ystod ei feddygfa gan y bydd hynny'n tarfu ar ymgynghoriad \u00e2 chlaf arall. Os bydd y meddyg yn teimlo y dylid eich ffonio, efallai y bydd yn eich ffonio 'n\u00f4l neu'n gadael neges gyda'r derbynnydd.<\/p><p>Bydd eich cyswllt cyntaf ag un o'n derbynyddion, sy'n ymdrechu i fod yn gwrtais bob amser. Byddwch cystal \u00e2 bod yn gwrtais yn eich tro gan y gall eu swydd fod yn un anodd iawn. Gofynnir, gyda pharch, am eich amynedd a'ch dealltwriaeth.<\/p><\/div>\n\t\t\t\t<\/div>\n\t\t\t\t\t<\/div>\n\t\t\t\t<\/div>\n\t\t\t\t<\/div>\n\t\t\t\t\t<\/div>\n\t\t<\/div>\n\t\t\t\t<div class=\"elementor-column elementor-col-50 elementor-inner-column elementor-element elementor-element-5d749bd2\" data-id=\"5d749bd2\" data-element_type=\"column\">\n\t\t\t<div class=\"elementor-widget-wrap elementor-element-populated\">\n\t\t\t\t\t\t\t\t<div class=\"elementor-element elementor-element-62568e69 elementor-widget elementor-widget-toggle\" data-id=\"62568e69\" data-element_type=\"widget\" data-widget_type=\"toggle.default\">\n\t\t\t\t<div class=\"elementor-widget-container\">\n\t\t\t\t\t<div class=\"elementor-toggle\" role=\"tablist\">\n\t\t\t\t\t\t\t<div class=\"elementor-toggle-item\">\n\t\t\t\t\t<div id=\"elementor-tab-title-1641\" class=\"elementor-tab-title\" data-tab=\"1\" role=\"tab\" aria-controls=\"elementor-tab-content-1641\" aria-expanded=\"false\">\n\t\t\t\t\t\t\t\t\t\t\t\t<span class=\"elementor-toggle-icon elementor-toggle-icon-right\" aria-hidden=\"true\">\n\t\t\t\t\t\t\t\t\t\t\t\t\t\t\t<span class=\"elementor-toggle-icon-closed\"><i class=\"fas fa-arrow-down\"><\/i><\/span>\n\t\t\t\t\t\t\t\t<span class=\"elementor-toggle-icon-opened\"><i class=\"elementor-toggle-icon-opened fas fa-arrow-up\"><\/i><\/span>\n\t\t\t\t\t\t\t\t\t\t\t\t\t<\/span>\n\t\t\t\t\t\t\t\t\t\t\t\t<a href=\"\" class=\"elementor-toggle-title\">A allaf gael hebryngwr yn bresennol yn ystod fy ymgynghoriad?<\/a>\n\t\t\t\t\t<\/div>\n\t\t\t\t\t<div id=\"elementor-tab-content-1641\" class=\"elementor-tab-content elementor-clearfix\" data-tab=\"1\" role=\"tabpanel\" aria-labelledby=\"elementor-tab-title-1641\"><p>Mae'r practis hwn yn ymrwymedig i ddarparu amgylchedd diogel a chyfforddus ar gyfer staff a chleifion. Os hoffech gael hebryngwr yn bresennol yn ystod eich ymgynghoriad, dywedwch wrth eich meddyg.  Nyrs y feddygfa neu gynorthwyydd gofal iechyd fydd eich hebryngwr fel arfer, ond, ar adegau prin, efallai y gofynnir i dderbynnydd ymgymryd \u00e2'r r\u00f4l.<\/p><\/div>\n\t\t\t\t<\/div>\n\t\t\t\t\t\t\t<div class=\"elementor-toggle-item\">\n\t\t\t\t\t<div id=\"elementor-tab-title-1642\" class=\"elementor-tab-title\" data-tab=\"2\" role=\"tab\" aria-controls=\"elementor-tab-content-1642\" aria-expanded=\"false\">\n\t\t\t\t\t\t\t\t\t\t\t\t<span class=\"elementor-toggle-icon elementor-toggle-icon-right\" aria-hidden=\"true\">\n\t\t\t\t\t\t\t\t\t\t\t\t\t\t\t<span class=\"elementor-toggle-icon-closed\"><i class=\"fas fa-arrow-down\"><\/i><\/span>\n\t\t\t\t\t\t\t\t<span class=\"elementor-toggle-icon-opened\"><i class=\"elementor-toggle-icon-opened fas fa-arrow-up\"><\/i><\/span>\n\t\t\t\t\t\t\t\t\t\t\t\t\t<\/span>\n\t\t\t\t\t\t\t\t\t\t\t\t<a href=\"\" class=\"elementor-toggle-title\">A allaf hunanatgyfeirio?<\/a>\n\t\t\t\t\t<\/div>\n\t\t\t\t\t<div id=\"elementor-tab-content-1642\" class=\"elementor-tab-content elementor-clearfix\" data-tab=\"2\" role=\"tabpanel\" aria-labelledby=\"elementor-tab-title-1642\"><p>Gellir dod o hyd i ffurflenni hunanatgyfeirio ar gyfer ffisiotherapi, podiatreg, ac ati, <a href=\"https:\/\/stthomassurgery.gpwales.com\/cy\/self-referral\/\"><strong>yma.<\/strong><\/a>.<\/p><\/div>\n\t\t\t\t<\/div>\n\t\t\t\t\t\t\t<div class=\"elementor-toggle-item\">\n\t\t\t\t\t<div id=\"elementor-tab-title-1643\" class=\"elementor-tab-title\" data-tab=\"3\" role=\"tab\" aria-controls=\"elementor-tab-content-1643\" aria-expanded=\"false\">\n\t\t\t\t\t\t\t\t\t\t\t\t<span class=\"elementor-toggle-icon elementor-toggle-icon-right\" aria-hidden=\"true\">\n\t\t\t\t\t\t\t\t\t\t\t\t\t\t\t<span class=\"elementor-toggle-icon-closed\"><i class=\"fas fa-arrow-down\"><\/i><\/span>\n\t\t\t\t\t\t\t\t<span class=\"elementor-toggle-icon-opened\"><i class=\"elementor-toggle-icon-opened fas fa-arrow-up\"><\/i><\/span>\n\t\t\t\t\t\t\t\t\t\t\t\t\t<\/span>\n\t\t\t\t\t\t\t\t\t\t\t\t<a href=\"\" class=\"elementor-toggle-title\">Sut y gallaf wneud cwyn?<\/a>\n\t\t\t\t\t<\/div>\n\t\t\t\t\t<div id=\"elementor-tab-content-1643\" class=\"elementor-tab-content elementor-clearfix\" data-tab=\"3\" role=\"tabpanel\" aria-labelledby=\"elementor-tab-title-1643\"><p>Ein nod yw rhoi gwasanaeth cyfeillgar a phroffesiynol i'n holl gleifion. Fodd bynnag, os bydd gennych unrhyw bryderon ynghylch unrhyw agwedd ar ein gwasanaeth, rhowch wybod i ni. Siaradwch \u00e2 phwy bynnag yr ydych fwyaf cyfforddus yn siarad ag ef\/hi \u2013 eich meddyg teulu, rheolwr y feddygfa \u2013 bydd yn hapus i'ch helpu. Yn y mwyafrif o achosion, gellir datrys pryderon yn gyflym ac yn hawdd.<\/p><p>Rydym yn gwneud pob ymdrech i roi'r gwasanaeth gorau posibl i bawb sy'n dod i'n meddygfa.<\/p><p>Fodd bynnag, rydym yn ymwybodol y gall pethau fynd o chwith, gan beri i glaf deimlo bod ganddo achos gwirioneddol i fynegi pryder. Os dyma'r achos, byddem yn dymuno i'r mater gael ei ddatrys mewn modd mor gyflym a chyfeillgar \u00e2 phosibl.<\/p><p>To pursue a concern please contact the practice manager who will deal with your concerns appropriately. To take the matter further please contact Llais Advocacy Service.<\/p><p><span style=\"color: #ff0000;\">Address:<\/span>\u00a0Suite 5, First Floor,T\u0177 Myrddin,\u00a0Old Station Road,\u00a0Carmarthen. \u00a0Sa31 1BT<\/p><p>E-bost: <strong><a href=\"mailto:westwalesadvocacy@llaiscyrmu.org\" target=\"_blank\" rel=\"noopener\">westwalesadvocacy@llaiscyrmu.org<\/a><\/strong><\/p><p>Ff\u00f4n: <strong><a href=\"tel:01646697610\">01646 697610<\/a><\/strong><\/p><p>Website: <strong><a href=\"https:\/\/www.llaiswales.org\/\" target=\"_blank\" rel=\"noopener\">https:\/\/www.llaiswales.org\/<\/a><\/strong><\/p><\/div>\n\t\t\t\t<\/div>\n\t\t\t\t\t<\/div>\n\t\t\t\t<\/div>\n\t\t\t\t<\/div>\n\t\t\t\t\t<\/div>\n\t\t<\/div>\n\t\t\t\t\t\t\t<\/div>\n\t\t<\/section>\n\t\t\t\t<section class=\"elementor-section elementor-top-section elementor-element elementor-element-838b82d elementor-section-boxed elementor-section-height-default elementor-section-height-default\" data-id=\"838b82d\" data-element_type=\"section\">\n\t\t\t\t\t\t<div class=\"elementor-container elementor-column-gap-default\">\n\t\t\t\t\t<div class=\"elementor-column elementor-col-100 elementor-top-column elementor-element elementor-element-40790df\" data-id=\"40790df\" data-element_type=\"column\">\n\t\t\t<div class=\"elementor-widget-wrap elementor-element-populated\">\n\t\t\t\t\t\t\t\t<div class=\"elementor-element elementor-element-1dbd09b elementor-widget elementor-widget-spacer\" data-id=\"1dbd09b\" data-element_type=\"widget\" data-widget_type=\"spacer.default\">\n\t\t\t\t<div class=\"elementor-widget-container\">\n\t\t\t\t\t<div class=\"elementor-spacer\">\n\t\t\t<div class=\"elementor-spacer-inner\"><\/div>\n\t\t<\/div>\n\t\t\t\t<\/div>\n\t\t\t\t<\/div>\n\t\t\t\t\t<\/div>\n\t\t<\/div>\n\t\t\t\t\t\t\t<\/div>\n\t\t<\/section>\n\t\t\t\t\t\t<\/div>\n\t\t\t\t\t<\/div>","protected":false},"excerpt":{"rendered":"<p>Frequently Asked Questions Can I request a home visit? If you require a home visit, please telephone\u00a001437 762162\u00a0before\u00a010.30 a.m.\u00a0(except in the case of an emergency). Home visits are offered on clinical need and you may be telephoned by a doctor prior to a visit. One home visit takes the time of at least 5 surgery [&hellip;]<\/p>","protected":false},"author":1,"featured_media":0,"parent":0,"menu_order":0,"comment_status":"closed","ping_status":"closed","template":"","meta":[],"yoast_head":"<!-- This site is optimized with the Yoast SEO plugin v16.1.1 - https:\/\/yoast.com\/wordpress\/plugins\/seo\/ -->\n<title>FAQs - St Thomas Surgery Website<\/title>\n<meta name=\"description\" content=\"Frequently asked questions from St Thomas&#039; Surgery patients including information about test results and telephone advice.\" \/>\n<link rel=\"canonical\" href=\"https:\/\/stthomassurgery.gpwales.com\/cy\/faqs\/\" \/>\n<meta property=\"og:locale\" content=\"en_US\" \/>\n<meta property=\"og:type\" content=\"article\" \/>\n<meta property=\"og:title\" content=\"FAQs - St Thomas Surgery Website\" \/>\n<meta property=\"og:description\" content=\"Frequently asked questions from St Thomas&#039; Surgery patients including information about test results and telephone advice.\" \/>\n<meta property=\"og:url\" content=\"https:\/\/stthomassurgery.gpwales.com\/cy\/faqs\/\" \/>\n<meta property=\"og:site_name\" content=\"St Thomas Surgery Website\" \/>\n<meta property=\"article:modified_time\" content=\"2025-09-18T12:41:43+00:00\" \/>\n<meta name=\"twitter:card\" content=\"summary_large_image\" \/>\n<meta name=\"twitter:label1\" content=\"Est. reading time\">\n\t<meta name=\"twitter:data1\" content=\"3 munud\">\n<script type=\"application\/ld+json\" class=\"yoast-schema-graph\">{\"@context\":\"https:\/\/schema.org\",\"@graph\":[{\"@type\":\"Organization\",\"@id\":\"https:\/\/stthomassurgery.gpwales.com\/#organization\",\"name\":\"St Thomas Surgery\",\"url\":\"https:\/\/stthomassurgery.gpwales.com\/\",\"sameAs\":[],\"logo\":{\"@type\":\"ImageObject\",\"@id\":\"https:\/\/stthomassurgery.gpwales.com\/#logo\",\"inLanguage\":\"cy\",\"url\":\"https:\/\/stthomassurgery.gpwales.com\/wp-content\/uploads\/2022\/05\/ST-Thomas-Green-Photo.jpg\",\"contentUrl\":\"https:\/\/stthomassurgery.gpwales.com\/wp-content\/uploads\/2022\/05\/ST-Thomas-Green-Photo.jpg\",\"width\":1280,\"height\":960,\"caption\":\"St Thomas Surgery\"},\"image\":{\"@id\":\"https:\/\/stthomassurgery.gpwales.com\/#logo\"}},{\"@type\":\"WebSite\",\"@id\":\"https:\/\/stthomassurgery.gpwales.com\/#website\",\"url\":\"https:\/\/stthomassurgery.gpwales.com\/\",\"name\":\"St Thomas Surgery Website\",\"description\":\"Welcome To St Thomas Surgery\",\"publisher\":{\"@id\":\"https:\/\/stthomassurgery.gpwales.com\/#organization\"},\"potentialAction\":[{\"@type\":\"SearchAction\",\"target\":\"https:\/\/stthomassurgery.gpwales.com\/?s={search_term_string}\",\"query-input\":\"required name=search_term_string\"}],\"inLanguage\":\"cy\"},{\"@type\":\"WebPage\",\"@id\":\"https:\/\/stthomassurgery.gpwales.com\/faqs\/#webpage\",\"url\":\"https:\/\/stthomassurgery.gpwales.com\/faqs\/\",\"name\":\"FAQs - St Thomas Surgery Website\",\"isPartOf\":{\"@id\":\"https:\/\/stthomassurgery.gpwales.com\/#website\"},\"datePublished\":\"2021-04-11T16:33:29+00:00\",\"dateModified\":\"2025-09-18T12:41:43+00:00\",\"description\":\"Frequently asked questions from St Thomas' Surgery patients including information about test results and telephone advice.\",\"breadcrumb\":{\"@id\":\"https:\/\/stthomassurgery.gpwales.com\/faqs\/#breadcrumb\"},\"inLanguage\":\"cy\",\"potentialAction\":[{\"@type\":\"ReadAction\",\"target\":[\"https:\/\/stthomassurgery.gpwales.com\/faqs\/\"]}]},{\"@type\":\"BreadcrumbList\",\"@id\":\"https:\/\/stthomassurgery.gpwales.com\/faqs\/#breadcrumb\",\"itemListElement\":[{\"@type\":\"ListItem\",\"position\":1,\"item\":{\"@type\":\"WebPage\",\"@id\":\"https:\/\/stthomassurgery.gpwales.com\/\",\"url\":\"https:\/\/stthomassurgery.gpwales.com\/\",\"name\":\"Home\"}},{\"@type\":\"ListItem\",\"position\":2,\"item\":{\"@type\":\"WebPage\",\"@id\":\"https:\/\/stthomassurgery.gpwales.com\/faqs\/\",\"url\":\"https:\/\/stthomassurgery.gpwales.com\/faqs\/\",\"name\":\"FAQs\"}}]}]}<\/script>\n<!-- \/ Yoast SEO plugin. -->","_links":{"self":[{"href":"https:\/\/stthomassurgery.gpwales.com\/cy\/wp-json\/wp\/v2\/pages\/272"}],"collection":[{"href":"https:\/\/stthomassurgery.gpwales.com\/cy\/wp-json\/wp\/v2\/pages"}],"about":[{"href":"https:\/\/stthomassurgery.gpwales.com\/cy\/wp-json\/wp\/v2\/types\/page"}],"author":[{"embeddable":true,"href":"https:\/\/stthomassurgery.gpwales.com\/cy\/wp-json\/wp\/v2\/users\/1"}],"replies":[{"embeddable":true,"href":"https:\/\/stthomassurgery.gpwales.com\/cy\/wp-json\/wp\/v2\/comments?post=272"}],"version-history":[{"count":54,"href":"https:\/\/stthomassurgery.gpwales.com\/cy\/wp-json\/wp\/v2\/pages\/272\/revisions"}],"predecessor-version":[{"id":5922,"href":"https:\/\/stthomassurgery.gpwales.com\/cy\/wp-json\/wp\/v2\/pages\/272\/revisions\/5922"}],"wp:attachment":[{"href":"https:\/\/stthomassurgery.gpwales.com\/cy\/wp-json\/wp\/v2\/media?parent=272"}],"curies":[{"name":"wp","href":"https:\/\/api.w.org\/{rel}","templated":true}]}}